{"id":1049,"date":"2021-05-31T16:31:22","date_gmt":"2021-05-31T14:31:22","guid":{"rendered":"https:\/\/arve-immobilier.com\/?page_id=1049"},"modified":"2021-06-03T16:58:29","modified_gmt":"2021-06-03T14:58:29","slug":"mentions-legales","status":"publish","type":"page","link":"https:\/\/arve-immobilier.com\/en\/mentions-legales\/","title":{"rendered":"Legal notice"},"content":{"rendered":"\t\t<div data-elementor-type=\"wp-post\" data-elementor-id=\"1049\" class=\"elementor elementor-1049\">\n\t\t\t\t\t\t<section class=\"elementor-section elementor-top-section elementor-element elementor-element-1219 elementor-section-boxed elementor-section-height-default elementor-section-height-default elementor-invisible\" data-id=\"1219\" data-element_type=\"section\" data-e-type=\"section\" data-settings=\"{&quot;jet_parallax_layout_list&quot;:[{&quot;_id&quot;:&quot;8b77c91&quot;,&quot;jet_parallax_layout_speed&quot;:{&quot;unit&quot;:&quot;%&quot;,&quot;size&quot;:2,&quot;sizes&quot;:[]},&quot;jet_parallax_layout_type&quot;:&quot;mouse&quot;,&quot;jet_parallax_layout_bg_x&quot;:129,&quot;jet_parallax_layout_bg_y&quot;:46,&quot;jet_parallax_layout_image&quot;:{&quot;url&quot;:&quot;&quot;,&quot;id&quot;:&quot;&quot;,&quot;size&quot;:&quot;&quot;},&quot;jet_parallax_layout_image_tablet&quot;:{&quot;url&quot;:&quot;&quot;,&quot;id&quot;:&quot;&quot;,&quot;size&quot;:&quot;&quot;},&quot;jet_parallax_layout_image_mobile&quot;:{&quot;url&quot;:&quot;&quot;,&quot;id&quot;:&quot;&quot;,&quot;size&quot;:&quot;&quot;},&quot;jet_parallax_layout_direction&quot;:null,&quot;jet_parallax_layout_fx_direction&quot;:null,&quot;jet_parallax_layout_z_index&quot;:&quot;&quot;,&quot;jet_parallax_layout_bg_x_tablet&quot;:&quot;&quot;,&quot;jet_parallax_layout_bg_x_mobile&quot;:&quot;&quot;,&quot;jet_parallax_layout_bg_y_tablet&quot;:&quot;&quot;,&quot;jet_parallax_layout_bg_y_mobile&quot;:&quot;&quot;,&quot;jet_parallax_layout_bg_size&quot;:&quot;auto&quot;,&quot;jet_parallax_layout_bg_size_tablet&quot;:&quot;&quot;,&quot;jet_parallax_layout_bg_size_mobile&quot;:&quot;&quot;,&quot;jet_parallax_layout_animation_prop&quot;:&quot;transform&quot;,&quot;jet_parallax_layout_on&quot;:[&quot;desktop&quot;,&quot;tablet&quot;]}],&quot;background_background&quot;:&quot;slideshow&quot;,&quot;shape_divider_top&quot;:&quot;waves&quot;,&quot;shape_divider_bottom&quot;:&quot;waves&quot;,&quot;shape_divider_bottom_negative&quot;:&quot;yes&quot;,&quot;background_slideshow_gallery&quot;:[{&quot;id&quot;:841,&quot;url&quot;:&quot;https:\\\/\\\/arve-immobilier.com\\\/wp-content\\\/uploads\\\/2021\\\/05\\\/business-people-shaking-hands-meeting-room-1.jpg&quot;}],&quot;background_slideshow_slide_duration&quot;:3000,&quot;animation&quot;:&quot;fadeIn&quot;,&quot;background_slideshow_loop&quot;:&quot;yes&quot;,&quot;background_slideshow_slide_transition&quot;:&quot;fade&quot;,&quot;background_slideshow_transition_duration&quot;:500}\">\n\t\t\t\t\t<div class=\"elementor-shape elementor-shape-top\" aria-hidden=\"true\" data-negative=\"false\">\n\t\t\t<svg xmlns=\"http:\/\/www.w3.org\/2000\/svg\" viewBox=\"0 0 1000 100\" preserveAspectRatio=\"none\">\n\t<path class=\"elementor-shape-fill\" d=\"M421.9,6.5c22.6-2.5,51.5,0.4,75.5,5.3c23.6,4.9,70.9,23.5,100.5,35.7c75.8,32.2,133.7,44.5,192.6,49.7\n\tc23.6,2.1,48.7,3.5,103.4-2.5c54.7-6,106.2-25.6,106.2-25.6V0H0v30.3c0,0,72,32.6,158.4,30.5c39.2-0.7,92.8-6.7,134-22.4\n\tc21.2-8.1,52.2-18.2,79.7-24.2C399.3,7.9,411.6,7.5,421.9,6.5z\"\/>\n<\/svg>\t\t<\/div>\n\t\t\t\t<div class=\"elementor-shape elementor-shape-bottom\" aria-hidden=\"true\" data-negative=\"true\">\n\t\t\t<svg xmlns=\"http:\/\/www.w3.org\/2000\/svg\" viewBox=\"0 0 1000 100\" preserveAspectRatio=\"none\">\n\t<path class=\"elementor-shape-fill\" d=\"M790.5,93.1c-59.3-5.3-116.8-18-192.6-50c-29.6-12.7-76.9-31-100.5-35.9c-23.6-4.9-52.6-7.8-75.5-5.3\n\tc-10.2,1.1-22.6,1.4-50.1,7.4c-27.2,6.3-58.2,16.6-79.4,24.7c-41.3,15.9-94.9,21.9-134,22.6C72,58.2,0,25.8,0,25.8V100h1000V65.3\n\tc0,0-51.5,19.4-106.2,25.7C839.5,97,814.1,95.2,790.5,93.1z\"\/>\n<\/svg>\t\t<\/div>\n\t\t\t\t\t<div class=\"elementor-container elementor-column-gap-default\">\n\t\t\t\t\t<div class=\"elementor-column elementor-col-100 elementor-top-column elementor-element elementor-element-3d60\" data-id=\"3d60\" data-element_type=\"column\" data-e-type=\"column\">\n\t\t\t<div class=\"elementor-widget-wrap elementor-element-populated\">\n\t\t\t\t\t\t<div class=\"elementor-element elementor-element-5906 elementor-widget elementor-widget-spacer\" data-id=\"5906\" data-element_type=\"widget\" data-e-type=\"widget\" data-widget_type=\"spacer.default\">\n\t\t\t\t<div class=\"elementor-widget-container\">\n\t\t\t\t\t\t\t<div class=\"elementor-spacer\">\n\t\t\t<div class=\"elementor-spacer-inner\"><\/div>\n\t\t<\/div>\n\t\t\t\t\t\t<\/div>\n\t\t\t\t<\/div>\n\t\t\t\t<div class=\"elementor-element elementor-element-6bc7 elementor-invisible elementor-widget elementor-widget-heading\" data-id=\"6bc7\" data-element_type=\"widget\" data-e-type=\"widget\" data-settings=\"{&quot;_animation&quot;:&quot;bounceInLeft&quot;}\" data-widget_type=\"heading.default\">\n\t\t\t\t<div class=\"elementor-widget-container\">\n\t\t\t\t\t<h2 class=\"elementor-heading-title elementor-size-default\">Nos mentions l\u00e9gales<\/h2>\t\t\t\t<\/div>\n\t\t\t\t<\/div>\n\t\t\t\t<div class=\"elementor-element elementor-element-35f4 elementor-widget elementor-widget-spacer\" data-id=\"35f4\" data-element_type=\"widget\" data-e-type=\"widget\" data-widget_type=\"spacer.default\">\n\t\t\t\t<div class=\"elementor-widget-container\">\n\t\t\t\t\t\t\t<div class=\"elementor-spacer\">\n\t\t\t<div class=\"elementor-spacer-inner\"><\/div>\n\t\t<\/div>\n\t\t\t\t\t\t<\/div>\n\t\t\t\t<\/div>\n\t\t\t\t<div class=\"elementor-element elementor-element-7f92 elementor-widget elementor-widget-spacer\" data-id=\"7f92\" data-element_type=\"widget\" data-e-type=\"widget\" data-widget_type=\"spacer.default\">\n\t\t\t\t<div class=\"elementor-widget-container\">\n\t\t\t\t\t\t\t<div class=\"elementor-spacer\">\n\t\t\t<div class=\"elementor-spacer-inner\"><\/div>\n\t\t<\/div>\n\t\t\t\t\t\t<\/div>\n\t\t\t\t<\/div>\n\t\t\t\t\t<\/div>\n\t\t<\/div>\n\t\t\t\t\t<\/div>\n\t\t<\/section>\n\t\t\t\t<section class=\"elementor-section elementor-top-section elementor-element elementor-element-7358792 elementor-section-boxed elementor-section-height-default elementor-section-height-default\" data-id=\"7358792\" data-element_type=\"section\" data-e-type=\"section\" data-settings=\"{&quot;jet_parallax_layout_list&quot;:[{&quot;_id&quot;:&quot;6ef7387&quot;,&quot;jet_parallax_layout_speed&quot;:{&quot;unit&quot;:&quot;%&quot;,&quot;size&quot;:50,&quot;sizes&quot;:[]},&quot;jet_parallax_layout_image&quot;:{&quot;url&quot;:&quot;&quot;,&quot;id&quot;:&quot;&quot;,&quot;size&quot;:&quot;&quot;},&quot;jet_parallax_layout_image_tablet&quot;:{&quot;url&quot;:&quot;&quot;,&quot;id&quot;:&quot;&quot;,&quot;size&quot;:&quot;&quot;},&quot;jet_parallax_layout_image_mobile&quot;:{&quot;url&quot;:&quot;&quot;,&quot;id&quot;:&quot;&quot;,&quot;size&quot;:&quot;&quot;},&quot;jet_parallax_layout_type&quot;:&quot;scroll&quot;,&quot;jet_parallax_layout_direction&quot;:&quot;1&quot;,&quot;jet_parallax_layout_fx_direction&quot;:null,&quot;jet_parallax_layout_z_index&quot;:&quot;&quot;,&quot;jet_parallax_layout_bg_x&quot;:50,&quot;jet_parallax_layout_bg_x_tablet&quot;:&quot;&quot;,&quot;jet_parallax_layout_bg_x_mobile&quot;:&quot;&quot;,&quot;jet_parallax_layout_bg_y&quot;:50,&quot;jet_parallax_layout_bg_y_tablet&quot;:&quot;&quot;,&quot;jet_parallax_layout_bg_y_mobile&quot;:&quot;&quot;,&quot;jet_parallax_layout_bg_size&quot;:&quot;auto&quot;,&quot;jet_parallax_layout_bg_size_tablet&quot;:&quot;&quot;,&quot;jet_parallax_layout_bg_size_mobile&quot;:&quot;&quot;,&quot;jet_parallax_layout_animation_prop&quot;:&quot;transform&quot;,&quot;jet_parallax_layout_on&quot;:[&quot;desktop&quot;,&quot;tablet&quot;]}]}\">\n\t\t\t\t\t\t<div class=\"elementor-container elementor-column-gap-default\">\n\t\t\t\t\t<div class=\"elementor-column elementor-col-100 elementor-top-column elementor-element elementor-element-6df5f27\" data-id=\"6df5f27\" data-element_type=\"column\" data-e-type=\"column\">\n\t\t\t<div class=\"elementor-widget-wrap elementor-element-populated\">\n\t\t\t\t\t\t<div class=\"elementor-element elementor-element-05c2ae3 elementor-widget elementor-widget-text-editor\" data-id=\"05c2ae3\" data-element_type=\"widget\" data-e-type=\"widget\" data-widget_type=\"text-editor.default\">\n\t\t\t\t<div class=\"elementor-widget-container\">\n\t\t\t\t\t\t\t\t\t<p><strong>Politique de confidentialit\u00e9 &#8211; gestion des donn\u00e9es personnelles<\/strong><\/p><p>La consultation du site est possible sans que vous ayez \u00e0 r\u00e9v\u00e9ler votre identit\u00e9 ou toute autre information \u00e0 caract\u00e8re personnel vous concernant.<br \/>Concernant les informations \u00e0 caract\u00e8re nominatif que vous seriez amen\u00e9s \u00e0 nous communiquer et conform\u00e9ment au R\u00e8glement G\u00e9n\u00e9ral sur la Protection des Donn\u00e9es (RGPD) du 25 mai 2018, vous b\u00e9n\u00e9ficiez de :<\/p><ul><li>Un droit d\u2019acc\u00e8s et de rectification ;<\/li><li>Un droit \u00e0 l\u2019effacement des donn\u00e9es (\u00ab droit \u00e0 l\u2019oubli \u00bb), un droit \u00e0 la limitation du traitement et un droit d\u2019opposition au traitement dans les cas pr\u00e9vus par la r\u00e9glementation en vigueur ;<\/li><li>Le droit de d\u00e9finir des directives relatives au sort de ses donn\u00e9es \u00e0 caract\u00e8re personnel apr\u00e8s sa mort ;<\/li><li>Un droit \u00e0 la portabilit\u00e9 des donn\u00e9es brutes fournies \u00e0 l\u2019\u00c9diteur ;<\/li><li>Le droit d&rsquo;introduire une r\u00e9clamation aupr\u00e8s de l\u2019autorit\u00e9 comp\u00e9tente (notamment la CNIL en France).<\/li><\/ul><p>Ces droits peuvent \u00eatre exerc\u00e9s par courrier postal \u00e0 l\u2019adresse du si\u00e8ge social de l\u2019entreprise. Ces droits devront \u00eatre exerc\u00e9s dans les conditions pr\u00e9vues par la r\u00e9glementation en vigueur.<br \/>En particulier, il sera demand\u00e9 la copie d&rsquo;une pi\u00e8ce d&rsquo;identit\u00e9 du demandeur de fa\u00e7on \u00e0 justifier de son identit\u00e9 aupr\u00e8s de la soci\u00e9t\u00e9, pour emp\u00eacher tout acc\u00e8s non-autoris\u00e9 aux Donn\u00e9es Personnelles concern\u00e9es.<br \/>La collecte des informations qui vous sont demand\u00e9es est n\u00e9cessaire pour pouvoir traiter vos demandes : traitement de vos messages, relation commerciale, traitement de commandes en ligne, abonnements aux newsletters\u2026 Ces informations ne sont en aucun cas communiqu\u00e9es \u00e0 des tiers.<\/p><p>Seul le personnel de la soci\u00e9t\u00e9 <strong>Arve Immobilier<\/strong> ou celui des agences qui nous assistent pour la gestion de ces op\u00e9rations ont acc\u00e8s aux donn\u00e9es. Ces agences sont tenues de respecter la confidentialit\u00e9 des informations et de ne les utiliser que pour l&rsquo;op\u00e9ration bien pr\u00e9cise pour laquelle elles doivent intervenir. Nous prenons toutes les pr\u00e9cautions utiles afin de pr\u00e9server l&rsquo;int\u00e9grit\u00e9 des donn\u00e9es, leur confidentialit\u00e9 et emp\u00eacher toute communication \u00e0 des tiers non autoris\u00e9s.<\/p><p>Si vous \u00eates abonn\u00e9s \u00e0 nos services d&rsquo;information par courrier \u00e9lectronique (\u00ab Newsletter \u00bb), vous pouvez demander \u00e0 ne plus recevoir ces courriers en cliquant directement sur le lien \u00ab Se d\u00e9sabonner \u00bb situ\u00e9 en bas de l\u2019email. Les bases de donn\u00e9es sont prot\u00e9g\u00e9es par les dispositions de la loi du 1er juillet 1998 transposant la directive 96\/9 du 11 mars 1996 relative \u00e0 la protection juridique des bases de donn\u00e9es.<\/p><p><strong>\u00a0<\/strong><\/p><p><strong>Informatique et libert\u00e9s :<\/strong><\/p><p>Vous b\u00e9n\u00e9ficiez en vertu de la loi Informatique et libert\u00e9 n\u00b0 78-17 du 6 janvier 1978, d&rsquo;un droit d&rsquo;acc\u00e8s, de modification, de rectification et de suppression des informations vous concernant. Vous b\u00e9n\u00e9ficiez d\u2019un droit \u00e0 l\u2019oubli au terme d\u2019une ann\u00e9e civile depuis l\u2019enregistrement de ces donn\u00e9es. Le droit d&rsquo;acc\u00e8s peut s&rsquo;exercer sur simple demande en utilisant les coordonn\u00e9es ci-dessous.<\/p><p>Arve Immobilier<br \/>201 Avenue du Mont d&rsquo;Arbois<br \/>74170 Saint-Gervais-Les-Bains<\/p><p><a href=\"#contact\">Formulaire de contact<\/a><\/p><p><strong>Responsable de la publication :<\/strong><\/p><p>Arve Immobilier<br \/>201 Avenue du Mont d&rsquo;Arbois<br \/>74170 Saint-Gervais-Les-Bains<\/p><p><strong>Gestion de projet, rewriting, int\u00e9gration, h\u00e9bergement, r\u00e9f\u00e9rencement :<\/strong><\/p><p>2L\u2019AGENCE \u2013241 avenue du Grand Verger 73000 Chamb\u00e9ry &#8211; <a href=\"http:\/\/www.2lagence.com\">www.2lagence.com<\/a> &#8211; <a href=\"https:\/\/www.2lagence.com\/nous-contacter\/\">Formulaire de contact<\/a><\/p><p><strong>Conditions d&rsquo;utilisation :<\/strong><\/p><p>Ce site web est une \u0153uvre de l&rsquo;esprit originale. Elle b\u00e9n\u00e9ficie d&rsquo;une protection juridique en vertu de la loi fran\u00e7aise. Cette \u0153uvre, dans les pays autres que la France, est prot\u00e9g\u00e9e par les conventions internationales et notamment la Convention de Berne sur la protection des \u0153uvres litt\u00e9raires et artistiques. En cons\u00e9quence sont autoris\u00e9es : La reproduction \u00e0 titre priv\u00e9, L\u2019utilisation publique et la cr\u00e9ation d&rsquo;un lien hypertexte sans frame, sous r\u00e9serve de l&rsquo;acceptation pr\u00e9alable de <strong>Arve Immobilier<\/strong>.<\/p><p><strong>Applications tierces<\/strong><\/p><p>Des scripts php et javascripts sont int\u00e9gr\u00e9s \u00e0 ce site dans le respect des droits conc\u00e9d\u00e9s par leurs auteurs.<br \/>Les mentions pr\u00e9vues par ceux-ci sont visibles dans les codes sources des pages.<\/p><p><strong>Cookies<\/strong><\/p><p>Lors de la navigation dans certains endroits du site, des cookies peuvent \u00eatre import\u00e9s sur votre ordinateur.<\/p><p>Un cookie est un fichier texte que le site que vous visitez enregistre sur votre disque dur ou dans la m\u00e9moire vive de votre navigateur. Il permet \u00e0 votre ordinateur de stocker diff\u00e9rentes donn\u00e9es techniques comme le nombre de visites, la fr\u00e9quence d\u2019exposition \u00e0 une banni\u00e8re publicitaire, la connexion \u00e0 d\u2019autres sites. Il permet aussi de personnaliser vos prochaines connexions en m\u00e9morisant vos informations de connexions, vos pr\u00e9f\u00e9rences, etc<br \/>Ces cookies facilitent votre navigation entre les pages de notre site et sont n\u00e9cessaires pour vous permettre de b\u00e9n\u00e9ficier de certaines fonctionnalit\u00e9s comme la cr\u00e9ation de votre compte utilisateur. Ces cookies expirent lorsque vous fermez votre navigateur internet.<\/p><p>Vous pouvez vous opposer \u00e0 l\u2019enregistrement de cookies en configurant votre navigateur internet. Dans Internet Explorer, dans le menu Outils, cliquez sur Options Internet. Sous l\u2019onglet Confidentialit\u00e9, d\u00e9placez le curseur vers le haut pour augmenter le niveau de confidentialit\u00e9. Dans Chrome, Mozilla et Firebird : bloquer les cookies dans les options.Pour plus d\u2019informations, nous vous invitons \u00e0 consulter\u00a0<a href=\"https:\/\/www.cnil.fr\/fr\/cookies-les-outils-pour-les-maitriser\">le site officiel de la CNIL<\/a>.<\/p><p><strong>Liens vers ce site<\/strong><\/p><p>Les liens vers ce site sont bienvenus aux conditions suivantes :<br \/>&#8211; Accord \u00e9crit pr\u00e9alable.<br \/>&#8211; Respect de la r\u00e9ciprocit\u00e9.<br \/>&#8211; Lien sur une page de votre site index\u00e9e par les moteurs de recherche.<br \/>&#8211; Ouverture int\u00e9grale de la page dans un navigateur, sans cadre ni mentions propres \u00e0 votre site.<\/p><p><strong>Copyright illustrations<\/strong><\/p><p><strong>Arve Immobilier<\/strong>, tous droits r\u00e9serv\u00e9s.<\/p><p>Ces photos sont soumises \u00e0 des droits, toute reproduction, m\u00eame partielle est interdite sans l\u2019accord de l\u2019Agence, toute utilisation des \u0153uvres autres que la reproduction et la consultation individuelles priv\u00e9es sont interdites.<br \/>Photos non contractuelles.<\/p><p>\u00a0<\/p><p><strong>Carte professionnelle<\/strong><\/p><p>ARVE IMMOBILIER\u00a0:<br \/>SIRET\u00a0: 388 565\u00a0921 00011<br \/>RCP\u00a0: S\u00e9r\u00e9nis Assurances \u2013 N\u00b0 Police VD 7.000.001 \/ 18758<br \/>Carte Pro\u00a0: CCI Haute-Savoie \u2013 N\u00b0 CPI 7401 2016 000\u00a0017\u00a0658<\/p>\t\t\t\t\t\t\t\t<\/div>\n\t\t\t\t<\/div>\n\t\t\t\t\t<\/div>\n\t\t<\/div>\n\t\t\t\t\t<\/div>\n\t\t<\/section>\n\t\t\t\t<\/div>\n\t\t","protected":false},"excerpt":{"rendered":"<p>Nos mentions l\u00e9gales Politique de confidentialit\u00e9 &#8211; gestion des donn\u00e9es personnelles La consultation du site est possible sans que vous ayez \u00e0 r\u00e9v\u00e9ler votre identit\u00e9 ou toute autre information \u00e0 caract\u00e8re personnel vous concernant.Concernant les informations \u00e0 caract\u00e8re nominatif que vous seriez amen\u00e9s \u00e0 nous communiquer et conform\u00e9ment au R\u00e8glement G\u00e9n\u00e9ral sur la Protection des [&hellip;]<\/p>\n","protected":false},"author":1,"featured_media":0,"parent":0,"menu_order":0,"comment_status":"closed","ping_status":"closed","template":"elementor_header_footer","meta":{"_acf_changed":false,"footnotes":""},"class_list":["post-1049","page","type-page","status-publish","hentry"],"acf":[],"yoast_head":"<!-- This site is optimized with the Yoast SEO plugin v27.2 - https:\/\/yoast.com\/product\/yoast-seo-wordpress\/ -->\n<title>Vente d&#039;appartements en Haute-Savoie | Arve Immobilier<\/title>\n<meta name=\"description\" content=\"Mont-Blanc Immobilier vous accompagne dans la vente de votre appartement ou votre maison \u00e0 Saint-Gervais-les-bains, Megeve, Chamonix, Praz-sur-Arly, Contamines, Combloux...\" \/>\n<meta name=\"robots\" content=\"index, follow, max-snippet:-1, max-image-preview:large, max-video-preview:-1\" \/>\n<link rel=\"canonical\" href=\"https:\/\/arve-immobilier.com\/en\/mentions-legales\/\" \/>\n<meta property=\"og:locale\" content=\"en_GB\" \/>\n<meta property=\"og:type\" content=\"article\" \/>\n<meta property=\"og:title\" content=\"Vente d&#039;appartements en Haute-Savoie | Arve Immobilier\" \/>\n<meta property=\"og:description\" content=\"Mont-Blanc Immobilier vous accompagne dans la vente de votre appartement ou votre maison \u00e0 Saint-Gervais-les-bains, Megeve, Chamonix, Praz-sur-Arly, Contamines, Combloux...\" \/>\n<meta property=\"og:url\" content=\"https:\/\/arve-immobilier.com\/en\/mentions-legales\/\" \/>\n<meta property=\"og:site_name\" content=\"Arve Immobilier\" \/>\n<meta property=\"article:modified_time\" content=\"2021-06-03T14:58:29+00:00\" \/>\n<meta name=\"twitter:card\" content=\"summary_large_image\" \/>\n<meta name=\"twitter:label1\" content=\"Estimated reading time\" \/>\n\t<meta name=\"twitter:data1\" content=\"4 minutes\" \/>\n<script type=\"application\/ld+json\" class=\"yoast-schema-graph\">{\"@context\":\"https:\/\/schema.org\",\"@graph\":[{\"@type\":\"WebPage\",\"@id\":\"https:\/\/arve-immobilier.com\/en\/mentions-legales\/\",\"url\":\"https:\/\/arve-immobilier.com\/en\/mentions-legales\/\",\"name\":\"Vente d'appartements en Haute-Savoie | Arve Immobilier\",\"isPartOf\":{\"@id\":\"https:\/\/arve-immobilier.com\/en\/#website\"},\"datePublished\":\"2021-05-31T14:31:22+00:00\",\"dateModified\":\"2021-06-03T14:58:29+00:00\",\"description\":\"Mont-Blanc Immobilier vous accompagne dans la vente de votre appartement ou votre maison \u00e0 Saint-Gervais-les-bains, Megeve, Chamonix, Praz-sur-Arly, Contamines, Combloux...\",\"breadcrumb\":{\"@id\":\"https:\/\/arve-immobilier.com\/en\/mentions-legales\/#breadcrumb\"},\"inLanguage\":\"en-GB\",\"potentialAction\":[{\"@type\":\"ReadAction\",\"target\":[\"https:\/\/arve-immobilier.com\/en\/mentions-legales\/\"]}]},{\"@type\":\"BreadcrumbList\",\"@id\":\"https:\/\/arve-immobilier.com\/en\/mentions-legales\/#breadcrumb\",\"itemListElement\":[{\"@type\":\"ListItem\",\"position\":1,\"name\":\"Accueil\",\"item\":\"https:\/\/arve-immobilier.com\/en\/\"},{\"@type\":\"ListItem\",\"position\":2,\"name\":\"Mentions l\u00e9gales\"}]},{\"@type\":\"WebSite\",\"@id\":\"https:\/\/arve-immobilier.com\/en\/#website\",\"url\":\"https:\/\/arve-immobilier.com\/en\/\",\"name\":\"Arve Immobilier\",\"description\":\"\",\"potentialAction\":[{\"@type\":\"SearchAction\",\"target\":{\"@type\":\"EntryPoint\",\"urlTemplate\":\"https:\/\/arve-immobilier.com\/en\/?s={search_term_string}\"},\"query-input\":{\"@type\":\"PropertyValueSpecification\",\"valueRequired\":true,\"valueName\":\"search_term_string\"}}],\"inLanguage\":\"en-GB\"}]}<\/script>\n<!-- \/ Yoast SEO plugin. -->","yoast_head_json":{"title":"Vente d'appartements en Haute-Savoie | Arve Immobilier","description":"Mont-Blanc Immobilier vous accompagne dans la vente de votre appartement ou votre maison \u00e0 Saint-Gervais-les-bains, Megeve, Chamonix, Praz-sur-Arly, Contamines, Combloux...","robots":{"index":"index","follow":"follow","max-snippet":"max-snippet:-1","max-image-preview":"max-image-preview:large","max-video-preview":"max-video-preview:-1"},"canonical":"https:\/\/arve-immobilier.com\/en\/mentions-legales\/","og_locale":"en_GB","og_type":"article","og_title":"Vente d'appartements en Haute-Savoie | Arve Immobilier","og_description":"Mont-Blanc Immobilier vous accompagne dans la vente de votre appartement ou votre maison \u00e0 Saint-Gervais-les-bains, Megeve, Chamonix, Praz-sur-Arly, Contamines, Combloux...","og_url":"https:\/\/arve-immobilier.com\/en\/mentions-legales\/","og_site_name":"Arve Immobilier","article_modified_time":"2021-06-03T14:58:29+00:00","twitter_card":"summary_large_image","twitter_misc":{"Estimated reading time":"4 minutes"},"schema":{"@context":"https:\/\/schema.org","@graph":[{"@type":"WebPage","@id":"https:\/\/arve-immobilier.com\/en\/mentions-legales\/","url":"https:\/\/arve-immobilier.com\/en\/mentions-legales\/","name":"Vente d'appartements en Haute-Savoie | Arve Immobilier","isPartOf":{"@id":"https:\/\/arve-immobilier.com\/en\/#website"},"datePublished":"2021-05-31T14:31:22+00:00","dateModified":"2021-06-03T14:58:29+00:00","description":"Mont-Blanc Immobilier vous accompagne dans la vente de votre appartement ou votre maison \u00e0 Saint-Gervais-les-bains, Megeve, Chamonix, Praz-sur-Arly, Contamines, Combloux...","breadcrumb":{"@id":"https:\/\/arve-immobilier.com\/en\/mentions-legales\/#breadcrumb"},"inLanguage":"en-GB","potentialAction":[{"@type":"ReadAction","target":["https:\/\/arve-immobilier.com\/en\/mentions-legales\/"]}]},{"@type":"BreadcrumbList","@id":"https:\/\/arve-immobilier.com\/en\/mentions-legales\/#breadcrumb","itemListElement":[{"@type":"ListItem","position":1,"name":"Accueil","item":"https:\/\/arve-immobilier.com\/en\/"},{"@type":"ListItem","position":2,"name":"Mentions l\u00e9gales"}]},{"@type":"WebSite","@id":"https:\/\/arve-immobilier.com\/en\/#website","url":"https:\/\/arve-immobilier.com\/en\/","name":"Arve Immobilier","description":"","potentialAction":[{"@type":"SearchAction","target":{"@type":"EntryPoint","urlTemplate":"https:\/\/arve-immobilier.com\/en\/?s={search_term_string}"},"query-input":{"@type":"PropertyValueSpecification","valueRequired":true,"valueName":"search_term_string"}}],"inLanguage":"en-GB"}]}},"_links":{"self":[{"href":"https:\/\/arve-immobilier.com\/en\/wp-json\/wp\/v2\/pages\/1049","targetHints":{"allow":["GET"]}}],"collection":[{"href":"https:\/\/arve-immobilier.com\/en\/wp-json\/wp\/v2\/pages"}],"about":[{"href":"https:\/\/arve-immobilier.com\/en\/wp-json\/wp\/v2\/types\/page"}],"author":[{"embeddable":true,"href":"https:\/\/arve-immobilier.com\/en\/wp-json\/wp\/v2\/users\/1"}],"replies":[{"embeddable":true,"href":"https:\/\/arve-immobilier.com\/en\/wp-json\/wp\/v2\/comments?post=1049"}],"version-history":[{"count":10,"href":"https:\/\/arve-immobilier.com\/en\/wp-json\/wp\/v2\/pages\/1049\/revisions"}],"predecessor-version":[{"id":1128,"href":"https:\/\/arve-immobilier.com\/en\/wp-json\/wp\/v2\/pages\/1049\/revisions\/1128"}],"wp:attachment":[{"href":"https:\/\/arve-immobilier.com\/en\/wp-json\/wp\/v2\/media?parent=1049"}],"curies":[{"name":"wp","href":"https:\/\/api.w.org\/{rel}","templated":true}]}}